{"id":11,"date":"2023-10-19T13:26:26","date_gmt":"2023-10-19T13:26:26","guid":{"rendered":"http:\/\/localhost\/wordpress\/?page_id=11"},"modified":"2023-11-26T13:46:48","modified_gmt":"2023-11-26T13:46:48","slug":"o-nama","status":"publish","type":"page","link":"https:\/\/premiumwood.org\/","title":{"rendered":"O NAMA"},"content":{"rendered":"\t\t<div data-elementor-type=\"wp-page\" data-elementor-id=\"11\" class=\"elementor elementor-11\">\n\t\t\t\t<div class=\"elementor-element elementor-element-42e6f7f6 e-flex e-con-boxed e-con e-parent\" data-id=\"42e6f7f6\" data-element_type=\"container\">\n\t\t\t\t\t<div class=\"e-con-inner\">\n\t\t\t\t<div class=\"elementor-element elementor-element-771fca2f elementor-widget elementor-widget-text-editor\" data-id=\"771fca2f\" data-element_type=\"widget\" data-widget_type=\"text-editor.default\">\n\t\t\t\t<div class=\"elementor-widget-container\">\n\t\t\t\t\t\t\t\t\t\n<p>Firma PremiumWood je porodi\u010dna firma osnovana 2016. godine. Sve je po\u010delo malom stolarskom radionicom \u010diji su jedini uposlenici bili tri brata koja su osniva\u010di firme. <\/p>\n\n\n\n<p>Od samog po\u010detka cilj firme je bio osvojiti lidersko mjesto u proizvodnji drvene amabala\u017ee i drvenih sanduka za potrebe vojne industrije. Upornim radom za jako kratko vrijeme sa tr\u017ei\u0161ta BiH na\u0161u prodaju smo pro\u0161irili na prostor Evropskog tr\u017ei\u0161ta gdje smo za kratko vrijeme razvijaju\u0107i se predanim radom i kvalitetom osvojili mnogobrojne zemlje. Uz modernizaciju proizvodnih pogona i pa\u017eljivom kontrolom svakog zavr\u0161enog proizvoda i s obzirom na cilj kompanije koja te\u017ei postati najbolja u onom \u0161to radi, tako smo otvoreni za sticanje novih klijenata i pro\u0161irivanje tr\u017ei\u0161ta na druge zemlje osvajaju\u0107i ih kvalitetom na\u0161ih proizvoda.<\/p>\n\n\n\n<p>Sjedi\u0161te na\u0161e kompanije se nalazi u Bijeljini gdje se nalaze na\u0161i moderno opremljeni pogoni koji se prostiru na 5.000 m<sup>2<\/sup>. Dobru reputaciju i pouzdanost u poslovanju firma PremiumWood je ostvarila kroz visok stepen zadovoljstva na\u0161ih kupaca.<\/p>\n\t\t\t\t\t\t\t\t<\/div>\n\t\t\t\t<\/div>\n\t\t\t\t\t<\/div>\n\t\t\t\t<\/div>\n\t\t<div class=\"elementor-element elementor-element-3c3cc04 e-flex e-con-boxed e-con e-parent\" data-id=\"3c3cc04\" data-element_type=\"container\">\n\t\t\t\t\t<div class=\"e-con-inner\">\n\t\t<div class=\"elementor-element elementor-element-6271f01 e-con-full e-flex e-con e-child\" data-id=\"6271f01\" data-element_type=\"container\">\n\t\t\t\t<div class=\"elementor-element elementor-element-cfd7ae4 elementor-widget elementor-widget-image\" data-id=\"cfd7ae4\" data-element_type=\"widget\" data-widget_type=\"image.default\">\n\t\t\t\t<div class=\"elementor-widget-container\">\n\t\t\t\t\t\t\t\t\t\t\t\t\t\t\t\t<a href=\"http:\/\/localhost\/wordpress\/wp-content\/uploads\/2023\/10\/Danimir-Gajic.jpg\" data-elementor-open-lightbox=\"yes\" data-elementor-lightbox-title=\"Danimir Gaji\u0107\" data-e-action-hash=\"#elementor-action%3Aaction%3Dlightbox%26settings%3DeyJpZCI6MzYsInVybCI6Imh0dHBzOlwvXC9wcmVtaXVtd29vZC5vcmdcL3dwLWNvbnRlbnRcL3VwbG9hZHNcLzIwMjNcLzEwXC9EYW5pbWlyLUdhamljLmpwZyJ9\">\n\t\t\t\t\t\t\t<img decoding=\"async\" width=\"100\" height=\"150\" src=\"https:\/\/premiumwood.org\/wp-content\/uploads\/2023\/10\/Danimir-Gajic.jpg\" class=\"attachment-thumbnail size-thumbnail wp-image-36\" alt=\"\" \/>\t\t\t\t\t\t\t\t<\/a>\n\t\t\t\t\t\t\t\t\t\t\t\t\t\t\t<\/div>\n\t\t\t\t<\/div>\n\t\t<div class=\"elementor-element elementor-element-da65a45 e-con-full e-flex e-con e-child\" data-id=\"da65a45\" data-element_type=\"container\">\n\t\t\t\t<div class=\"elementor-element elementor-element-1cac60a elementor-widget elementor-widget-text-editor\" data-id=\"1cac60a\" data-element_type=\"widget\" data-widget_type=\"text-editor.default\">\n\t\t\t\t<div class=\"elementor-widget-container\">\n\t\t\t\t\t\t\t\t\t<p><strong>Danimir Gaji\u0107<br \/>Direktor<br \/><\/strong><\/p>\t\t\t\t\t\t\t\t<\/div>\n\t\t\t\t<\/div>\n\t\t\t\t<\/div>\n\t\t\t\t<\/div>\n\t\t<div class=\"elementor-element elementor-element-b6507bd e-con-full e-flex e-con e-child\" data-id=\"b6507bd\" data-element_type=\"container\">\n\t\t\t\t<div class=\"elementor-element elementor-element-661dae2 elementor-widget elementor-widget-image\" data-id=\"661dae2\" data-element_type=\"widget\" data-widget_type=\"image.default\">\n\t\t\t\t<div class=\"elementor-widget-container\">\n\t\t\t\t\t\t\t\t\t\t\t\t\t\t\t\t<a href=\"http:\/\/localhost\/wordpress\/wp-content\/uploads\/2023\/10\/Darijo-Gajic.jpg\" data-elementor-open-lightbox=\"yes\" data-elementor-lightbox-title=\"Darijo Gaji\u0107\" data-e-action-hash=\"#elementor-action%3Aaction%3Dlightbox%26settings%3DeyJpZCI6MzcsInVybCI6Imh0dHBzOlwvXC9wcmVtaXVtd29vZC5vcmdcL3dwLWNvbnRlbnRcL3VwbG9hZHNcLzIwMjNcLzEwXC9EYXJpam8tR2FqaWMuanBnIn0%3D\">\n\t\t\t\t\t\t\t<img decoding=\"async\" width=\"100\" height=\"150\" src=\"https:\/\/premiumwood.org\/wp-content\/uploads\/2023\/10\/Darijo-Gajic.jpg\" class=\"attachment-thumbnail size-thumbnail wp-image-37\" alt=\"\" \/>\t\t\t\t\t\t\t\t<\/a>\n\t\t\t\t\t\t\t\t\t\t\t\t\t\t\t<\/div>\n\t\t\t\t<\/div>\n\t\t<div class=\"elementor-element elementor-element-4b4e67a e-con-full e-flex e-con e-child\" data-id=\"4b4e67a\" data-element_type=\"container\">\n\t\t\t\t<div class=\"elementor-element elementor-element-b9c5fe9 elementor-widget elementor-widget-text-editor\" data-id=\"b9c5fe9\" data-element_type=\"widget\" data-widget_type=\"text-editor.default\">\n\t\t\t\t<div class=\"elementor-widget-container\">\n\t\t\t\t\t\t\t\t\t<p><strong>Darijo Gaji\u0107\u00a0<\/strong><br \/><strong>Menad\u017eer prodaje<\/strong><\/p>\t\t\t\t\t\t\t\t<\/div>\n\t\t\t\t<\/div>\n\t\t\t\t<\/div>\n\t\t\t\t<\/div>\n\t\t<div class=\"elementor-element elementor-element-44b8352 e-con-full e-flex e-con e-child\" data-id=\"44b8352\" data-element_type=\"container\">\n\t\t\t\t<div class=\"elementor-element elementor-element-892e146 elementor-widget elementor-widget-image\" data-id=\"892e146\" data-element_type=\"widget\" data-widget_type=\"image.default\">\n\t\t\t\t<div class=\"elementor-widget-container\">\n\t\t\t\t\t\t\t\t\t\t\t\t\t\t\t\t<a href=\"http:\/\/localhost\/wordpress\/wp-content\/uploads\/2023\/10\/Danijel-Gajic.jpg\" data-elementor-open-lightbox=\"yes\" data-elementor-lightbox-title=\"Danijel Gaji\u0107\" data-e-action-hash=\"#elementor-action%3Aaction%3Dlightbox%26settings%3DeyJpZCI6MzgsInVybCI6Imh0dHBzOlwvXC9wcmVtaXVtd29vZC5vcmdcL3dwLWNvbnRlbnRcL3VwbG9hZHNcLzIwMjNcLzEwXC9EYW5pamVsLUdhamljLmpwZyJ9\">\n\t\t\t\t\t\t\t<img decoding=\"async\" width=\"100\" height=\"150\" src=\"https:\/\/premiumwood.org\/wp-content\/uploads\/2023\/10\/Danijel-Gajic.jpg\" class=\"attachment-thumbnail size-thumbnail wp-image-38\" alt=\"\" \/>\t\t\t\t\t\t\t\t<\/a>\n\t\t\t\t\t\t\t\t\t\t\t\t\t\t\t<\/div>\n\t\t\t\t<\/div>\n\t\t<div class=\"elementor-element elementor-element-d36db28 e-con-full e-flex e-con e-child\" data-id=\"d36db28\" data-element_type=\"container\">\n\t\t\t\t<div class=\"elementor-element elementor-element-239a492 elementor-widget elementor-widget-text-editor\" data-id=\"239a492\" data-element_type=\"widget\" data-widget_type=\"text-editor.default\">\n\t\t\t\t<div class=\"elementor-widget-container\">\n\t\t\t\t\t\t\t\t\t<p><strong>Danijel Gaji\u0107<\/strong><br \/><strong>Menad\u017eer proizvodnje<\/strong><\/p>\t\t\t\t\t\t\t\t<\/div>\n\t\t\t\t<\/div>\n\t\t\t\t<\/div>\n\t\t\t\t<\/div>\n\t\t\t\t\t<\/div>\n\t\t\t\t<\/div>\n\t\t\t\t<\/div>\n\t\t","protected":false},"excerpt":{"rendered":"<p>Firma PremiumWood je porodi\u010dna firma osnovana 2016. godine. Sve je po\u010delo malom stolarskom radionicom \u010diji su jedini uposlenici bili tri brata koja [&hellip;]<\/p>\n","protected":false},"author":1,"featured_media":27,"parent":0,"menu_order":0,"comment_status":"closed","ping_status":"closed","template":"","meta":{"footnotes":""},"class_list":["post-11","page","type-page","status-publish","has-post-thumbnail","hentry"],"_links":{"self":[{"href":"https:\/\/premiumwood.org\/index.php?rest_route=\/wp\/v2\/pages\/11","targetHints":{"allow":["GET"]}}],"collection":[{"href":"https:\/\/premiumwood.org\/index.php?rest_route=\/wp\/v2\/pages"}],"about":[{"href":"https:\/\/premiumwood.org\/index.php?rest_route=\/wp\/v2\/types\/page"}],"author":[{"embeddable":true,"href":"https:\/\/premiumwood.org\/index.php?rest_route=\/wp\/v2\/users\/1"}],"replies":[{"embeddable":true,"href":"https:\/\/premiumwood.org\/index.php?rest_route=%2Fwp%2Fv2%2Fcomments&post=11"}],"version-history":[{"count":14,"href":"https:\/\/premiumwood.org\/index.php?rest_route=\/wp\/v2\/pages\/11\/revisions"}],"predecessor-version":[{"id":117,"href":"https:\/\/premiumwood.org\/index.php?rest_route=\/wp\/v2\/pages\/11\/revisions\/117"}],"wp:featuredmedia":[{"embeddable":true,"href":"https:\/\/premiumwood.org\/index.php?rest_route=\/wp\/v2\/media\/27"}],"wp:attachment":[{"href":"https:\/\/premiumwood.org\/index.php?rest_route=%2Fwp%2Fv2%2Fmedia&parent=11"}],"curies":[{"name":"wp","href":"https:\/\/api.w.org\/{rel}","templated":true}]}}